{"id":53,"date":"2024-11-28T01:00:30","date_gmt":"2024-11-27T22:00:30","guid":{"rendered":"https:\/\/classcnc.com.tr\/?page_id=8915"},"modified":"2024-12-12T12:20:53","modified_gmt":"2024-12-12T09:20:53","slug":"robot-automation","status":"publish","type":"page","link":"https:\/\/classcnc.com.tr\/en\/robot-automation\/","title":{"rendered":"Robot Automation"},"content":{"rendered":"\n<div class=\"wp-block-columns is-layout-flex wp-container-core-columns-is-layout-9d6595d7 wp-block-columns-is-layout-flex\">\n<div class=\"wp-block-column is-layout-flow wp-block-column-is-layout-flow\">\n<h2 class=\"wp-block-heading\">Kompakt Robot Otomasyon Sistemleri<\/h2>\n\n\n\n<p>Class CNC M\u00fchendislik Makina olarak, sundu\u011fumuz etkileyici seviyedeki profesyonelli\u011fi t\u00fcm m\u00fc\u015fterilerimizin deneyimlemesini isteriz. Di\u011fer hizmetlerimiz gibi, otomasyon hizmetimiz de hayat\u0131n\u0131z\u0131 \u00e7ok daha kolayla\u015ft\u0131rmak i\u00e7in vard\u0131r. Size en iyi \u00fcr\u00fcnleri ve en kaliteli servisi sa\u011flad\u0131\u011f\u0131m\u0131z\u0131n garantisini veriyoruz.<\/p>\n<\/div>\n<\/div>\n\n\n\n<div class=\"wp-block-columns are-vertically-aligned-top is-layout-flex wp-container-core-columns-is-layout-9d6595d7 wp-block-columns-is-layout-flex\">\n<div class=\"wp-block-column is-vertically-aligned-top is-layout-flow wp-block-column-is-layout-flow\" style=\"flex-basis:25%\">\n<figure class=\"wp-block-image size-full\"><img decoding=\"async\" src=\"https:\/\/classcnc.com.tr\/wp-content\/uploads\/2024\/11\/minitend-robot-sistemi.png\" alt=\"\" class=\"wp-image-9936\"\/><\/figure>\n<\/div>\n\n\n\n<div class=\"wp-block-column is-vertically-aligned-top is-layout-flow wp-block-column-is-layout-flow\" style=\"flex-basis:75%\">\n<h2 class=\"wp-block-heading\">Minitend Robot Sistemi<\/h2>\n\n\n\n<p>Bu en s\u0131k kullan\u0131lan modellerimizdir. T\u00fcm tezgahlara uygun 7 -10 Kg aras\u0131 her marka robot sistemi kullan\u0131labilir. Az yer kaplar tezgah \u00f6n\u00fc s\u00fcrekli a\u00e7\u0131kt\u0131r. Bu makinada ayar olayl\u0131\u011f\u0131 , tek robot ile ba\u015fka bir tezgah\u0131 besleme faydas\u0131 sa\u011flar. Sistemde fotoselli g\u00fcvenlik bariyeri bulunmakta sisteme yakla\u015f\u0131m olmas\u0131 durumunda kendi sistemi durdurmakta yada yava\u015flatmaktad\u0131r. Otomatik de\u011fi\u015fen \u00e7ekmeceleri ile kolay zahmetsiz par\u00e7a y\u00fckleme ve bo\u015faltma imkan\u0131 sunar. Daha fazla detay i\u00e7in bizimle ileti\u015fime ge\u00e7iniz.<\/p>\n<\/div>\n<\/div>\n\n\n\n<div class=\"wp-block-columns is-layout-flex wp-container-core-columns-is-layout-9d6595d7 wp-block-columns-is-layout-flex\">\n<div class=\"wp-block-column is-layout-flow wp-block-column-is-layout-flow\">\n<div class=\"wp-block-columns is-layout-flex wp-container-core-columns-is-layout-9d6595d7 wp-block-columns-is-layout-flex\">\n<div class=\"wp-block-column is-layout-flow wp-block-column-is-layout-flow\" style=\"flex-basis:33.33%\">\n<figure class=\"wp-block-image size-full\"><img decoding=\"async\" src=\"https:\/\/classcnc.com.tr\/wp-content\/uploads\/2024\/11\/tendvision.png\" alt=\"\" class=\"wp-image-9937\"\/><\/figure>\n<\/div>\n\n\n\n<div class=\"wp-block-column is-layout-flow wp-block-column-is-layout-flow\" style=\"flex-basis:66.66%\">\n<h2 class=\"wp-block-heading\">Tendvision<\/h2>\n\n\n\n<p>Bu sistem \u00f6zelikle karma\u015f\u0131k geometriye sahip geni ebatl\u0131 i\u015f par\u00e7alar\u0131 i\u00e7in tasarlanm\u0131\u015ft\u0131r. Herhangi bir \u015fablon yada \u00e7ekmece tasar\u0131m\u0131 yap\u0131lmas\u0131na gerek kalmaz. Par\u00e7alar konvey\u00f6r \u00fczerine geli\u015fig\u00fczel konur. Robot \u00fczerindeki kamera sayesinde par\u00e7ay\u0131 kendi bulur.<\/p>\n<\/div>\n<\/div>\n<\/div>\n\n\n\n<div class=\"wp-block-column is-layout-flow wp-block-column-is-layout-flow\">\n<div class=\"wp-block-columns is-layout-flex wp-container-core-columns-is-layout-9d6595d7 wp-block-columns-is-layout-flex\">\n<div class=\"wp-block-column is-layout-flow wp-block-column-is-layout-flow\" style=\"flex-basis:33.33%\">\n<figure class=\"wp-block-image size-full\"><img decoding=\"async\" src=\"https:\/\/classcnc.com.tr\/wp-content\/uploads\/2024\/11\/ring-loader.png\" alt=\"\" class=\"wp-image-9938\"\/><\/figure>\n<\/div>\n\n\n\n<div class=\"wp-block-column is-layout-flow wp-block-column-is-layout-flow\" style=\"flex-basis:66.66%\">\n<h2 class=\"wp-block-heading\">Ring Loader<\/h2>\n\n\n\n<p>\u00d6zellikle a\u011f\u0131r ve geni\u015f \u00f6l\u00e7\u00fclere sahip olan i\u015f par\u00e7alar\u0131 i\u00e7in tercih edilen bu sistem par\u00e7a y\u00fckleme kapasitesi sayesinde saatlerce kendi ba\u015f\u0131na \u00e7al\u0131\u015f\u0131r. D\u00f6ner sistemi az yer kaplar d\u00f6ner sistem sayesinde \u00e7ok b\u00fcy\u00fck hacim \u00f6l\u00e7\u00fclerde robot kullanma sorunu ortadan kalkar. Bu sistem ile ilgili detayl\u0131 bilgi almak proje \u00e7al\u0131\u015fmas\u0131 i\u00e7in l\u00fctfen bizimle ileti\u015fime ge\u00e7iniz.<\/p>\n<\/div>\n<\/div>\n<\/div>\n<\/div>\n\n\n\n<h3 class=\"wp-block-heading\">Teknik Servis ve Bak\u0131m Hizmetleri<\/h3>\n\n\n\n<ul class=\"wp-block-list\">\n<li>Periyodik Bak\u0131m<\/li>\n\n\n\n<li>Red\u00fckt\u00f6r Yenileme \/ Bak\u0131m\u0131 \/ \u00d6m\u00fcr Analizi <\/li>\n\n\n\n<li>Pendat Revizyon Tamir Kasa De\u011fi\u015fimi <\/li>\n\n\n\n<li>Pil De\u011fi\u015fimi <\/li>\n\n\n\n<li>Gres Temizli\u011fi \/ De\u011fi\u015fimi <\/li>\n\n\n\n<li>\u200bKablo Tamiri Yenilme \u200b<\/li>\n\n\n\n<li>Fren Tamiri<\/li>\n<\/ul>\n","protected":false},"excerpt":{"rendered":"<p>Kompakt Robot Otomasyon Sistemleri Class CNC M\u00fchendislik Makina olarak, sundu\u011fumuz [&hellip;]<\/p>\n","protected":false},"author":1,"featured_media":318,"parent":0,"menu_order":0,"comment_status":"closed","ping_status":"closed","template":"","meta":{"footnotes":""},"class_list":["post-53","page","type-page","status-publish","has-post-thumbnail","hentry"],"yoast_head":"<!-- This site is optimized with the Yoast SEO plugin v24.5 - https:\/\/yoast.com\/wordpress\/plugins\/seo\/ -->\n<title>Robot Automation - Class CNC<\/title>\n<meta name=\"robots\" content=\"index, follow, max-snippet:-1, max-image-preview:large, max-video-preview:-1\" \/>\n<link rel=\"canonical\" href=\"https:\/\/classcnc.com.tr\/en\/robot-automation\/\" \/>\n<meta property=\"og:locale\" content=\"tr_TR\" \/>\n<meta property=\"og:type\" content=\"article\" \/>\n<meta property=\"og:title\" content=\"Robot Automation - Class CNC\" \/>\n<meta property=\"og:description\" content=\"Kompakt Robot Otomasyon Sistemleri Class CNC M\u00fchendislik Makina olarak, sundu\u011fumuz [&hellip;]\" \/>\n<meta property=\"og:url\" content=\"https:\/\/classcnc.com.tr\/en\/robot-automation\/\" \/>\n<meta property=\"og:site_name\" content=\"Class CNC\" \/>\n<meta property=\"article:modified_time\" content=\"2024-12-12T09:20:53+00:00\" \/>\n<meta property=\"og:image\" content=\"https:\/\/classcnc.com.tr\/en\/wp-content\/uploads\/sites\/5\/2024\/12\/robot-otomasyon-banner.png\" \/>\n\t<meta property=\"og:image:width\" content=\"1900\" \/>\n\t<meta property=\"og:image:height\" content=\"570\" \/>\n\t<meta property=\"og:image:type\" content=\"image\/png\" \/>\n<meta name=\"twitter:card\" content=\"summary_large_image\" \/>\n<meta name=\"twitter:label1\" content=\"Tahmini okuma s\u00fcresi\" \/>\n\t<meta name=\"twitter:data1\" content=\"3 dakika\" \/>\n<script type=\"application\/ld+json\" class=\"yoast-schema-graph\">{\"@context\":\"https:\/\/schema.org\",\"@graph\":[{\"@type\":\"WebPage\",\"@id\":\"https:\/\/classcnc.com.tr\/en\/robot-automation\/\",\"url\":\"https:\/\/classcnc.com.tr\/en\/robot-automation\/\",\"name\":\"Robot Automation - Class CNC\",\"isPartOf\":{\"@id\":\"https:\/\/classcnc.com.tr\/en\/#website\"},\"primaryImageOfPage\":{\"@id\":\"https:\/\/classcnc.com.tr\/en\/robot-automation\/#primaryimage\"},\"image\":{\"@id\":\"https:\/\/classcnc.com.tr\/en\/robot-automation\/#primaryimage\"},\"thumbnailUrl\":\"https:\/\/classcnc.com.tr\/en\/wp-content\/uploads\/sites\/5\/2024\/12\/robot-otomasyon-banner.png\",\"datePublished\":\"2024-11-27T22:00:30+00:00\",\"dateModified\":\"2024-12-12T09:20:53+00:00\",\"breadcrumb\":{\"@id\":\"https:\/\/classcnc.com.tr\/en\/robot-automation\/#breadcrumb\"},\"inLanguage\":\"tr\",\"potentialAction\":[{\"@type\":\"ReadAction\",\"target\":[\"https:\/\/classcnc.com.tr\/en\/robot-automation\/\"]}]},{\"@type\":\"ImageObject\",\"inLanguage\":\"tr\",\"@id\":\"https:\/\/classcnc.com.tr\/en\/robot-automation\/#primaryimage\",\"url\":\"https:\/\/classcnc.com.tr\/en\/wp-content\/uploads\/sites\/5\/2024\/12\/robot-otomasyon-banner.png\",\"contentUrl\":\"https:\/\/classcnc.com.tr\/en\/wp-content\/uploads\/sites\/5\/2024\/12\/robot-otomasyon-banner.png\",\"width\":1900,\"height\":570},{\"@type\":\"BreadcrumbList\",\"@id\":\"https:\/\/classcnc.com.tr\/en\/robot-automation\/#breadcrumb\",\"itemListElement\":[{\"@type\":\"ListItem\",\"position\":1,\"name\":\"Anasayfa\",\"item\":\"https:\/\/classcnc.com.tr\/en\/\"},{\"@type\":\"ListItem\",\"position\":2,\"name\":\"Robot Automation\"}]},{\"@type\":\"WebSite\",\"@id\":\"https:\/\/classcnc.com.tr\/en\/#website\",\"url\":\"https:\/\/classcnc.com.tr\/en\/\",\"name\":\"Class CNC\",\"description\":\"\",\"potentialAction\":[{\"@type\":\"SearchAction\",\"target\":{\"@type\":\"EntryPoint\",\"urlTemplate\":\"https:\/\/classcnc.com.tr\/en\/?s={search_term_string}\"},\"query-input\":{\"@type\":\"PropertyValueSpecification\",\"valueRequired\":true,\"valueName\":\"search_term_string\"}}],\"inLanguage\":\"tr\"}]}<\/script>\n<!-- \/ Yoast SEO plugin. -->","yoast_head_json":{"title":"Robot Automation - Class CNC","robots":{"index":"index","follow":"follow","max-snippet":"max-snippet:-1","max-image-preview":"max-image-preview:large","max-video-preview":"max-video-preview:-1"},"canonical":"https:\/\/classcnc.com.tr\/en\/robot-automation\/","og_locale":"tr_TR","og_type":"article","og_title":"Robot Automation - Class CNC","og_description":"Kompakt Robot Otomasyon Sistemleri Class CNC M\u00fchendislik Makina olarak, sundu\u011fumuz [&hellip;]","og_url":"https:\/\/classcnc.com.tr\/en\/robot-automation\/","og_site_name":"Class CNC","article_modified_time":"2024-12-12T09:20:53+00:00","og_image":[{"width":1900,"height":570,"url":"https:\/\/classcnc.com.tr\/en\/wp-content\/uploads\/sites\/5\/2024\/12\/robot-otomasyon-banner.png","type":"image\/png"}],"twitter_card":"summary_large_image","twitter_misc":{"Tahmini okuma s\u00fcresi":"3 dakika"},"schema":{"@context":"https:\/\/schema.org","@graph":[{"@type":"WebPage","@id":"https:\/\/classcnc.com.tr\/en\/robot-automation\/","url":"https:\/\/classcnc.com.tr\/en\/robot-automation\/","name":"Robot Automation - Class CNC","isPartOf":{"@id":"https:\/\/classcnc.com.tr\/en\/#website"},"primaryImageOfPage":{"@id":"https:\/\/classcnc.com.tr\/en\/robot-automation\/#primaryimage"},"image":{"@id":"https:\/\/classcnc.com.tr\/en\/robot-automation\/#primaryimage"},"thumbnailUrl":"https:\/\/classcnc.com.tr\/en\/wp-content\/uploads\/sites\/5\/2024\/12\/robot-otomasyon-banner.png","datePublished":"2024-11-27T22:00:30+00:00","dateModified":"2024-12-12T09:20:53+00:00","breadcrumb":{"@id":"https:\/\/classcnc.com.tr\/en\/robot-automation\/#breadcrumb"},"inLanguage":"tr","potentialAction":[{"@type":"ReadAction","target":["https:\/\/classcnc.com.tr\/en\/robot-automation\/"]}]},{"@type":"ImageObject","inLanguage":"tr","@id":"https:\/\/classcnc.com.tr\/en\/robot-automation\/#primaryimage","url":"https:\/\/classcnc.com.tr\/en\/wp-content\/uploads\/sites\/5\/2024\/12\/robot-otomasyon-banner.png","contentUrl":"https:\/\/classcnc.com.tr\/en\/wp-content\/uploads\/sites\/5\/2024\/12\/robot-otomasyon-banner.png","width":1900,"height":570},{"@type":"BreadcrumbList","@id":"https:\/\/classcnc.com.tr\/en\/robot-automation\/#breadcrumb","itemListElement":[{"@type":"ListItem","position":1,"name":"Anasayfa","item":"https:\/\/classcnc.com.tr\/en\/"},{"@type":"ListItem","position":2,"name":"Robot Automation"}]},{"@type":"WebSite","@id":"https:\/\/classcnc.com.tr\/en\/#website","url":"https:\/\/classcnc.com.tr\/en\/","name":"Class CNC","description":"","potentialAction":[{"@type":"SearchAction","target":{"@type":"EntryPoint","urlTemplate":"https:\/\/classcnc.com.tr\/en\/?s={search_term_string}"},"query-input":{"@type":"PropertyValueSpecification","valueRequired":true,"valueName":"search_term_string"}}],"inLanguage":"tr"}]}},"_links":{"self":[{"href":"https:\/\/classcnc.com.tr\/en\/wp-json\/wp\/v2\/pages\/53","targetHints":{"allow":["GET"]}}],"collection":[{"href":"https:\/\/classcnc.com.tr\/en\/wp-json\/wp\/v2\/pages"}],"about":[{"href":"https:\/\/classcnc.com.tr\/en\/wp-json\/wp\/v2\/types\/page"}],"author":[{"embeddable":true,"href":"https:\/\/classcnc.com.tr\/en\/wp-json\/wp\/v2\/users\/1"}],"replies":[{"embeddable":true,"href":"https:\/\/classcnc.com.tr\/en\/wp-json\/wp\/v2\/comments?post=53"}],"version-history":[{"count":1,"href":"https:\/\/classcnc.com.tr\/en\/wp-json\/wp\/v2\/pages\/53\/revisions"}],"predecessor-version":[{"id":84,"href":"https:\/\/classcnc.com.tr\/en\/wp-json\/wp\/v2\/pages\/53\/revisions\/84"}],"wp:featuredmedia":[{"embeddable":true,"href":"https:\/\/classcnc.com.tr\/en\/wp-json\/wp\/v2\/media\/318"}],"wp:attachment":[{"href":"https:\/\/classcnc.com.tr\/en\/wp-json\/wp\/v2\/media?parent=53"}],"curies":[{"name":"wp","href":"https:\/\/api.w.org\/{rel}","templated":true}]}}