{"id":40,"date":"2024-11-28T01:00:30","date_gmt":"2024-11-27T22:00:30","guid":{"rendered":"https:\/\/classcnc.com.tr\/?page_id=8890"},"modified":"2024-11-28T12:50:10","modified_gmt":"2024-11-28T09:50:10","slug":"second-hand","status":"publish","type":"page","link":"https:\/\/classcnc.com.tr\/en\/second-hand\/","title":{"rendered":"Second Hand"},"content":{"rendered":"\n<h4 class=\"wp-block-heading\">\u0130kinci El Tezgah M\u0131 Ar\u0131yorsunuz?<\/h4>\n\n\n\n<p>Sat\u0131\u015fta olan ikinci el \u00fcr\u00fcnlerimizi <a href=\"https:\/\/classcnc.sahibinden.com\/\" target=\"_blank\" rel=\"noopener\">sahibinden.com<\/a> sayfam\u0131z\u0131 ziyaret ederek inceleyebilirsiniz. A\u015fa\u011f\u0131daki g\u00f6rsele t\u0131klayarak sahibinden.com \u00fczerindeki sayfam\u0131za ve \u00fcr\u00fcnlerimize eri\u015febilirsiniz.<\/p>\n\n\n<div class=\"wp-block-image\">\n<figure class=\"aligncenter size-full\"><a href=\"https:\/\/classcnc.sahibinden.com\/\" target=\"_blank\" rel=\" noreferrer noopener\"><img decoding=\"async\" src=\"https:\/\/classcnc.com.tr\/wp-content\/uploads\/2023\/02\/Guvencesi-Ile-Turkiyede...-1600-\u00d7-2000-piksel-1.webp\" alt=\"\" class=\"wp-image-8892\"\/><\/a><\/figure><\/div>","protected":false},"excerpt":{"rendered":"<p>\u0130kinci El Tezgah M\u0131 Ar\u0131yorsunuz? Sat\u0131\u015fta olan ikinci el \u00fcr\u00fcnlerimizi [&hellip;]<\/p>\n","protected":false},"author":1,"featured_media":0,"parent":0,"menu_order":0,"comment_status":"closed","ping_status":"closed","template":"","meta":{"footnotes":""},"class_list":["post-40","page","type-page","status-publish","hentry"],"yoast_head":"<!-- This site is optimized with the Yoast SEO plugin v24.5 - https:\/\/yoast.com\/wordpress\/plugins\/seo\/ -->\n<title>Second Hand - Class CNC<\/title>\n<meta name=\"robots\" content=\"index, follow, max-snippet:-1, max-image-preview:large, max-video-preview:-1\" \/>\n<link rel=\"canonical\" href=\"https:\/\/classcnc.com.tr\/en\/second-hand\/\" \/>\n<meta property=\"og:locale\" content=\"tr_TR\" \/>\n<meta property=\"og:type\" content=\"article\" \/>\n<meta property=\"og:title\" content=\"Second Hand - Class CNC\" \/>\n<meta property=\"og:description\" content=\"\u0130kinci El Tezgah M\u0131 Ar\u0131yorsunuz? Sat\u0131\u015fta olan ikinci el \u00fcr\u00fcnlerimizi [&hellip;]\" \/>\n<meta property=\"og:url\" content=\"https:\/\/classcnc.com.tr\/en\/second-hand\/\" \/>\n<meta property=\"og:site_name\" content=\"Class CNC\" \/>\n<meta property=\"article:modified_time\" content=\"2024-11-28T09:50:10+00:00\" \/>\n<meta name=\"twitter:card\" content=\"summary_large_image\" \/>\n<meta name=\"twitter:label1\" content=\"Tahmini okuma s\u00fcresi\" \/>\n\t<meta name=\"twitter:data1\" content=\"1 dakika\" \/>\n<script type=\"application\/ld+json\" class=\"yoast-schema-graph\">{\"@context\":\"https:\/\/schema.org\",\"@graph\":[{\"@type\":\"WebPage\",\"@id\":\"https:\/\/classcnc.com.tr\/en\/second-hand\/\",\"url\":\"https:\/\/classcnc.com.tr\/en\/second-hand\/\",\"name\":\"Second Hand - Class CNC\",\"isPartOf\":{\"@id\":\"https:\/\/classcnc.com.tr\/en\/#website\"},\"datePublished\":\"2024-11-27T22:00:30+00:00\",\"dateModified\":\"2024-11-28T09:50:10+00:00\",\"breadcrumb\":{\"@id\":\"https:\/\/classcnc.com.tr\/en\/second-hand\/#breadcrumb\"},\"inLanguage\":\"tr\",\"potentialAction\":[{\"@type\":\"ReadAction\",\"target\":[\"https:\/\/classcnc.com.tr\/en\/second-hand\/\"]}]},{\"@type\":\"BreadcrumbList\",\"@id\":\"https:\/\/classcnc.com.tr\/en\/second-hand\/#breadcrumb\",\"itemListElement\":[{\"@type\":\"ListItem\",\"position\":1,\"name\":\"Anasayfa\",\"item\":\"https:\/\/classcnc.com.tr\/en\/\"},{\"@type\":\"ListItem\",\"position\":2,\"name\":\"Second Hand\"}]},{\"@type\":\"WebSite\",\"@id\":\"https:\/\/classcnc.com.tr\/en\/#website\",\"url\":\"https:\/\/classcnc.com.tr\/en\/\",\"name\":\"Class CNC\",\"description\":\"\",\"potentialAction\":[{\"@type\":\"SearchAction\",\"target\":{\"@type\":\"EntryPoint\",\"urlTemplate\":\"https:\/\/classcnc.com.tr\/en\/?s={search_term_string}\"},\"query-input\":{\"@type\":\"PropertyValueSpecification\",\"valueRequired\":true,\"valueName\":\"search_term_string\"}}],\"inLanguage\":\"tr\"}]}<\/script>\n<!-- \/ Yoast SEO plugin. -->","yoast_head_json":{"title":"Second Hand - Class CNC","robots":{"index":"index","follow":"follow","max-snippet":"max-snippet:-1","max-image-preview":"max-image-preview:large","max-video-preview":"max-video-preview:-1"},"canonical":"https:\/\/classcnc.com.tr\/en\/second-hand\/","og_locale":"tr_TR","og_type":"article","og_title":"Second Hand - Class CNC","og_description":"\u0130kinci El Tezgah M\u0131 Ar\u0131yorsunuz? Sat\u0131\u015fta olan ikinci el \u00fcr\u00fcnlerimizi [&hellip;]","og_url":"https:\/\/classcnc.com.tr\/en\/second-hand\/","og_site_name":"Class CNC","article_modified_time":"2024-11-28T09:50:10+00:00","twitter_card":"summary_large_image","twitter_misc":{"Tahmini okuma s\u00fcresi":"1 dakika"},"schema":{"@context":"https:\/\/schema.org","@graph":[{"@type":"WebPage","@id":"https:\/\/classcnc.com.tr\/en\/second-hand\/","url":"https:\/\/classcnc.com.tr\/en\/second-hand\/","name":"Second Hand - Class CNC","isPartOf":{"@id":"https:\/\/classcnc.com.tr\/en\/#website"},"datePublished":"2024-11-27T22:00:30+00:00","dateModified":"2024-11-28T09:50:10+00:00","breadcrumb":{"@id":"https:\/\/classcnc.com.tr\/en\/second-hand\/#breadcrumb"},"inLanguage":"tr","potentialAction":[{"@type":"ReadAction","target":["https:\/\/classcnc.com.tr\/en\/second-hand\/"]}]},{"@type":"BreadcrumbList","@id":"https:\/\/classcnc.com.tr\/en\/second-hand\/#breadcrumb","itemListElement":[{"@type":"ListItem","position":1,"name":"Anasayfa","item":"https:\/\/classcnc.com.tr\/en\/"},{"@type":"ListItem","position":2,"name":"Second Hand"}]},{"@type":"WebSite","@id":"https:\/\/classcnc.com.tr\/en\/#website","url":"https:\/\/classcnc.com.tr\/en\/","name":"Class CNC","description":"","potentialAction":[{"@type":"SearchAction","target":{"@type":"EntryPoint","urlTemplate":"https:\/\/classcnc.com.tr\/en\/?s={search_term_string}"},"query-input":{"@type":"PropertyValueSpecification","valueRequired":true,"valueName":"search_term_string"}}],"inLanguage":"tr"}]}},"_links":{"self":[{"href":"https:\/\/classcnc.com.tr\/en\/wp-json\/wp\/v2\/pages\/40","targetHints":{"allow":["GET"]}}],"collection":[{"href":"https:\/\/classcnc.com.tr\/en\/wp-json\/wp\/v2\/pages"}],"about":[{"href":"https:\/\/classcnc.com.tr\/en\/wp-json\/wp\/v2\/types\/page"}],"author":[{"embeddable":true,"href":"https:\/\/classcnc.com.tr\/en\/wp-json\/wp\/v2\/users\/1"}],"replies":[{"embeddable":true,"href":"https:\/\/classcnc.com.tr\/en\/wp-json\/wp\/v2\/comments?post=40"}],"version-history":[{"count":1,"href":"https:\/\/classcnc.com.tr\/en\/wp-json\/wp\/v2\/pages\/40\/revisions"}],"predecessor-version":[{"id":227,"href":"https:\/\/classcnc.com.tr\/en\/wp-json\/wp\/v2\/pages\/40\/revisions\/227"}],"wp:attachment":[{"href":"https:\/\/classcnc.com.tr\/en\/wp-json\/wp\/v2\/media?parent=40"}],"curies":[{"name":"wp","href":"https:\/\/api.w.org\/{rel}","templated":true}]}}